{"id":7147,"date":"2020-01-11T22:49:08","date_gmt":"2020-01-11T19:49:08","guid":{"rendered":"https:\/\/tamturkey.com\/%d9%be%d8%b1%d9%88%da%98%d9%87-%d9%87%d8%a7%db%8c-%d8%a7%d8%b3%d8%aa%d8%a7%d9%86%d8%a8%d9%88%d9%84\/"},"modified":"2022-09-07T13:01:48","modified_gmt":"2022-09-07T10:01:48","slug":"istanbul-projeleri","status":"publish","type":"page","link":"https:\/\/tamestate.com\/tr\/istanbul-projeleri\/","title":{"rendered":"\u0130stanbul projeleri"},"content":{"rendered":"<p>[fusion_builder_container hundred_percent=&#8221;no&#8221; hundred_percent_height=&#8221;no&#8221; hundred_percent_height_scroll=&#8221;no&#8221; hundred_percent_height_center_content=&#8221;yes&#8221; equal_height_columns=&#8221;no&#8221; menu_anchor=&#8221;&#8221; hide_on_mobile=&#8221;small-visibility,medium-visibility,large-visibility&#8221; status=&#8221;published&#8221; publish_date=&#8221;&#8221; class=&#8221;&#8221; id=&#8221;&#8221; border_size=&#8221;&#8221; border_color=&#8221;&#8221; border_style=&#8221;solid&#8221; margin_top=&#8221;&#8221; margin_bottom=&#8221;&#8221; padding_top=&#8221;&#8221; padding_right=&#8221;&#8221; padding_bottom=&#8221;&#8221; padding_left=&#8221;&#8221; gradient_start_color=&#8221;&#8221; gradient_end_color=&#8221;&#8221; gradient_start_position=&#8221;0&#8243; gradient_end_position=&#8221;100&#8243; gradient_type=&#8221;linear&#8221; radial_direction=&#8221;center&#8221; linear_angle=&#8221;180&#8243; background_color=&#8221;&#8221; background_image=&#8221;&#8221; background_position=&#8221;center center&#8221; background_repeat=&#8221;no-repeat&#8221; fade=&#8221;no&#8221; background_parallax=&#8221;none&#8221; enable_mobile=&#8221;no&#8221; parallax_speed=&#8221;0.3&#8243; background_blend_mode=&#8221;none&#8221; video_mp4=&#8221;&#8221; video_webm=&#8221;&#8221; video_ogv=&#8221;&#8221; video_url=&#8221;&#8221; video_aspect_ratio=&#8221;16:9&#8243; video_loop=&#8221;yes&#8221; video_mute=&#8221;yes&#8221; video_preview_image=&#8221;&#8221; filter_hue=&#8221;0&#8243; filter_saturation=&#8221;100&#8243; filter_brightness=&#8221;100&#8243; filter_contrast=&#8221;100&#8243; filter_invert=&#8221;0&#8243; filter_sepia=&#8221;0&#8243; filter_opacity=&#8221;100&#8243; filter_blur=&#8221;0&#8243; filter_hue_hover=&#8221;0&#8243; filter_saturation_hover=&#8221;100&#8243; filter_brightness_hover=&#8221;100&#8243; filter_contrast_hover=&#8221;100&#8243; filter_invert_hover=&#8221;0&#8243; filter_sepia_hover=&#8221;0&#8243; filter_opacity_hover=&#8221;100&#8243; filter_blur_hover=&#8221;0&#8243;][fusion_builder_row][fusion_builder_column type=&#8221;1_3&#8243; layout=&#8221;1_3&#8243; spacing=&#8221;&#8221; center_content=&#8221;no&#8221; link=&#8221;&#8221; target=&#8221;_self&#8221; min_height=&#8221;&#8221; hide_on_mobile=&#8221;small-visibility,medium-visibility,large-visibility&#8221; class=&#8221;&#8221; id=&#8221;&#8221; hover_type=&#8221;none&#8221; border_size=&#8221;0&#8243; border_color=&#8221;&#8221; border_style=&#8221;solid&#8221; border_position=&#8221;all&#8221; border_radius=&#8221;&#8221; box_shadow=&#8221;no&#8221; dimension_box_shadow=&#8221;&#8221; box_shadow_blur=&#8221;0&#8243; box_shadow_spread=&#8221;0&#8243; box_shadow_color=&#8221;&#8221; box_shadow_style=&#8221;&#8221; padding_top=&#8221;&#8221; padding_right=&#8221;&#8221; padding_bottom=&#8221;&#8221; padding_left=&#8221;&#8221; margin_top=&#8221;&#8221; margin_bottom=&#8221;&#8221; background_type=&#8221;single&#8221; gradient_start_color=&#8221;&#8221; gradient_end_color=&#8221;&#8221; gradient_start_position=&#8221;0&#8243; gradient_end_position=&#8221;100&#8243; gradient_type=&#8221;linear&#8221; radial_direction=&#8221;center&#8221; linear_angle=&#8221;180&#8243; background_color=&#8221;&#8221; background_image=&#8221;&#8221; background_image_id=&#8221;&#8221; background_position=&#8221;left top&#8221; background_repeat=&#8221;no-repeat&#8221; background_blend_mode=&#8221;none&#8221; animation_type=&#8221;&#8221; animation_direction=&#8221;left&#8221; animation_speed=&#8221;0.3&#8243; animation_offset=&#8221;&#8221; filter_type=&#8221;regular&#8221; filter_hue=&#8221;0&#8243; filter_saturation=&#8221;100&#8243; filter_brightness=&#8221;100&#8243; filter_contrast=&#8221;100&#8243; filter_invert=&#8221;0&#8243; filter_sepia=&#8221;0&#8243; filter_opacity=&#8221;100&#8243; filter_blur=&#8221;0&#8243; filter_hue_hover=&#8221;0&#8243; filter_saturation_hover=&#8221;100&#8243; filter_brightness_hover=&#8221;100&#8243; filter_contrast_hover=&#8221;100&#8243; filter_invert_hover=&#8221;0&#8243; filter_sepia_hover=&#8221;0&#8243; filter_opacity_hover=&#8221;100&#8243; filter_blur_hover=&#8221;0&#8243; last=&#8221;no&#8221;][fusion_blog layout=&#8221;medium&#8221; blog_grid_columns=&#8221;&#8221; blog_grid_column_spacing=&#8221;&#8221; blog_masonry_grid_ratio=&#8221;&#8221; blog_masonry_width_double=&#8221;&#8221; equal_heights=&#8221;no&#8221; number_posts=&#8221;6&#8243; post_status=&#8221;&#8221; offset=&#8221;0&#8243; pull_by=&#8221;category&#8221; cat_slug=&#8221;&#8221; exclude_cats=&#8221;&#8221; tag_slug=&#8221;&#8221; exclude_tags=&#8221;&#8221; orderby=&#8221;date&#8221; order=&#8221;DESC&#8221; thumbnail=&#8221;yes&#8221; title=&#8221;yes&#8221; title_link=&#8221;yes&#8221; content_alignment=&#8221;&#8221; excerpt=&#8221;&#8221; excerpt_length=&#8221;&#8221; strip_html=&#8221;yes&#8221; meta_all=&#8221;yes&#8221; meta_author=&#8221;yes&#8221; meta_categories=&#8221;yes&#8221; meta_comments=&#8221;yes&#8221; meta_date=&#8221;yes&#8221; meta_link=&#8221;yes&#8221; meta_tags=&#8221;yes&#8221; scrolling=&#8221;pagination&#8221; grid_box_color=&#8221;&#8221; grid_element_color=&#8221;&#8221; grid_separator_style_type=&#8221;&#8221; grid_separator_color=&#8221;&#8221; padding_top=&#8221;&#8221; padding_right=&#8221;&#8221; padding_bottom=&#8221;&#8221; padding_left=&#8221;&#8221; hide_on_mobile=&#8221;small-visibility,medium-visibility,large-visibility&#8221; class=&#8221;&#8221; id=&#8221;&#8221; \/][\/fusion_builder_column][fusion_builder_column type=&#8221;1_3&#8243; layout=&#8221;1_3&#8243; spacing=&#8221;&#8221; center_content=&#8221;no&#8221; link=&#8221;&#8221; target=&#8221;_self&#8221; min_height=&#8221;&#8221; hide_on_mobile=&#8221;small-visibility,medium-visibility,large-visibility&#8221; class=&#8221;&#8221; id=&#8221;&#8221; hover_type=&#8221;none&#8221; border_size=&#8221;0&#8243; border_color=&#8221;&#8221; border_style=&#8221;solid&#8221; border_position=&#8221;all&#8221; border_radius=&#8221;&#8221; box_shadow=&#8221;no&#8221; dimension_box_shadow=&#8221;&#8221; box_shadow_blur=&#8221;0&#8243; box_shadow_spread=&#8221;0&#8243; box_shadow_color=&#8221;&#8221; box_shadow_style=&#8221;&#8221; padding_top=&#8221;&#8221; padding_right=&#8221;&#8221; padding_bottom=&#8221;&#8221; padding_left=&#8221;&#8221; margin_top=&#8221;&#8221; margin_bottom=&#8221;&#8221; background_type=&#8221;single&#8221; gradient_start_color=&#8221;&#8221; gradient_end_color=&#8221;&#8221; gradient_start_position=&#8221;0&#8243; gradient_end_position=&#8221;100&#8243; gradient_type=&#8221;linear&#8221; radial_direction=&#8221;center&#8221; linear_angle=&#8221;180&#8243; background_color=&#8221;&#8221; background_image=&#8221;&#8221; background_image_id=&#8221;&#8221; background_position=&#8221;left top&#8221; background_repeat=&#8221;no-repeat&#8221; background_blend_mode=&#8221;none&#8221; animation_type=&#8221;&#8221; animation_direction=&#8221;left&#8221; animation_speed=&#8221;0.3&#8243; animation_offset=&#8221;&#8221; filter_type=&#8221;regular&#8221; filter_hue=&#8221;0&#8243; filter_saturation=&#8221;100&#8243; filter_brightness=&#8221;100&#8243; filter_contrast=&#8221;100&#8243; filter_invert=&#8221;0&#8243; filter_sepia=&#8221;0&#8243; filter_opacity=&#8221;100&#8243; filter_blur=&#8221;0&#8243; filter_hue_hover=&#8221;0&#8243; filter_saturation_hover=&#8221;100&#8243; filter_brightness_hover=&#8221;100&#8243; filter_contrast_hover=&#8221;100&#8243; filter_invert_hover=&#8221;0&#8243; filter_sepia_hover=&#8221;0&#8243; filter_opacity_hover=&#8221;100&#8243; filter_blur_hover=&#8221;0&#8243; last=&#8221;no&#8221;][fusion_blog layout=&#8221;medium&#8221; blog_grid_columns=&#8221;&#8221; blog_grid_column_spacing=&#8221;&#8221; blog_masonry_grid_ratio=&#8221;&#8221; blog_masonry_width_double=&#8221;&#8221; equal_heights=&#8221;no&#8221; number_posts=&#8221;6&#8243; post_status=&#8221;&#8221; offset=&#8221;0&#8243; pull_by=&#8221;category&#8221; cat_slug=&#8221;&#8221; exclude_cats=&#8221;\u0627\u0645\u0644\u0627\u06a9-\u0648-\u0645\u0633\u062a\u063a\u0644\u0627\u062a-\u062a\u0631\u06a9\u06cc\u0647&#8221; tag_slug=&#8221;&#8221; exclude_tags=&#8221;&#8221; orderby=&#8221;date&#8221; order=&#8221;DESC&#8221; thumbnail=&#8221;yes&#8221; title=&#8221;yes&#8221; title_link=&#8221;yes&#8221; content_alignment=&#8221;&#8221; excerpt=&#8221;&#8221; excerpt_length=&#8221;&#8221; strip_html=&#8221;yes&#8221; meta_all=&#8221;yes&#8221; meta_author=&#8221;yes&#8221; meta_categories=&#8221;yes&#8221; meta_comments=&#8221;yes&#8221; meta_date=&#8221;yes&#8221; meta_link=&#8221;yes&#8221; meta_tags=&#8221;yes&#8221; scrolling=&#8221;pagination&#8221; grid_box_color=&#8221;&#8221; grid_element_color=&#8221;&#8221; grid_separator_style_type=&#8221;&#8221; grid_separator_color=&#8221;&#8221; padding_top=&#8221;&#8221; padding_right=&#8221;&#8221; padding_bottom=&#8221;&#8221; padding_left=&#8221;&#8221; hide_on_mobile=&#8221;small-visibility,medium-visibility,large-visibility&#8221; class=&#8221;&#8221; id=&#8221;&#8221; \/][\/fusion_builder_column][fusion_builder_column type=&#8221;1_3&#8243; layout=&#8221;1_3&#8243; spacing=&#8221;&#8221; center_content=&#8221;no&#8221; link=&#8221;&#8221; target=&#8221;_self&#8221; min_height=&#8221;&#8221; hide_on_mobile=&#8221;small-visibility,medium-visibility,large-visibility&#8221; class=&#8221;&#8221; id=&#8221;&#8221; hover_type=&#8221;none&#8221; border_size=&#8221;0&#8243; border_color=&#8221;&#8221; border_style=&#8221;solid&#8221; border_position=&#8221;all&#8221; border_radius=&#8221;&#8221; box_shadow=&#8221;no&#8221; dimension_box_shadow=&#8221;&#8221; box_shadow_blur=&#8221;0&#8243; box_shadow_spread=&#8221;0&#8243; box_shadow_color=&#8221;&#8221; box_shadow_style=&#8221;&#8221; padding_top=&#8221;&#8221; padding_right=&#8221;&#8221; padding_bottom=&#8221;&#8221; padding_left=&#8221;&#8221; margin_top=&#8221;&#8221; margin_bottom=&#8221;&#8221; background_type=&#8221;single&#8221; gradient_start_color=&#8221;&#8221; gradient_end_color=&#8221;&#8221; gradient_start_position=&#8221;0&#8243; gradient_end_position=&#8221;100&#8243; gradient_type=&#8221;linear&#8221; radial_direction=&#8221;center&#8221; linear_angle=&#8221;180&#8243; background_color=&#8221;&#8221; background_image=&#8221;&#8221; background_image_id=&#8221;&#8221; background_position=&#8221;left top&#8221; background_repeat=&#8221;no-repeat&#8221; background_blend_mode=&#8221;none&#8221; animation_type=&#8221;&#8221; animation_direction=&#8221;left&#8221; animation_speed=&#8221;0.3&#8243; animation_offset=&#8221;&#8221; filter_type=&#8221;regular&#8221; filter_hue=&#8221;0&#8243; filter_saturation=&#8221;100&#8243; filter_brightness=&#8221;100&#8243; filter_contrast=&#8221;100&#8243; filter_invert=&#8221;0&#8243; filter_sepia=&#8221;0&#8243; filter_opacity=&#8221;100&#8243; filter_blur=&#8221;0&#8243; filter_hue_hover=&#8221;0&#8243; filter_saturation_hover=&#8221;100&#8243; filter_brightness_hover=&#8221;100&#8243; filter_contrast_hover=&#8221;100&#8243; filter_invert_hover=&#8221;0&#8243; filter_sepia_hover=&#8221;0&#8243; filter_opacity_hover=&#8221;100&#8243; filter_blur_hover=&#8221;0&#8243; last=&#8221;no&#8221;][\/fusion_builder_column][\/fusion_builder_row][\/fusion_builder_container]<\/p>\n","protected":false},"excerpt":{"rendered":"<p>[fusion_builder_container hundred_percent=&#8221;no&#8221; hundred_percent_height=&#8221;no&#8221; hundred_percent_height_scroll=&#8221;no&#8221; hundred_percent_height_center_content=&#8221;yes&#8221; equal_height_columns=&#8221;no&#8221; menu_anchor=&#8221;&#8221; hide_on_mobile=&#8221;small-visibility,medium-visibility,large-visibility&#8221; status=&#8221;published&#8221; publish_date=&#8221;&#8221; class=&#8221;&#8221; id=&#8221;&#8221; border_size=&#8221;&#8221; border_color=&#8221;&#8221; border_style=&#8221;solid&#8221; margin_top=&#8221;&#8221; margin_bottom=&#8221;&#8221; padding_top=&#8221;&#8221; padding_right=&#8221;&#8221; padding_bottom=&#8221;&#8221; padding_left=&#8221;&#8221; gradient_start_color=&#8221;&#8221; gradient_end_color=&#8221;&#8221; gradient_start_position=&#8221;0&#8243; gradient_end_position=&#8221;100&#8243; gradient_type=&#8221;linear&#8221; radial_direction=&#8221;center&#8221; linear_angle=&#8221;180&#8243; background_color=&#8221;&#8221; background_image=&#8221;&#8221; background_position=&#8221;center center&#8221; background_repeat=&#8221;no-repeat&#8221; fade=&#8221;no&#8221; background_parallax=&#8221;none&#8221; enable_mobile=&#8221;no&#8221; parallax_speed=&#8221;0.3&#8243; background_blend_mode=&#8221;none&#8221; video_mp4=&#8221;&#8221; video_webm=&#8221;&#8221; video_ogv=&#8221;&#8221; video_url=&#8221;&#8221; video_aspect_ratio=&#8221;16:9&#8243; video_loop=&#8221;yes&#8221; video_mute=&#8221;yes&#8221; video_preview_image=&#8221;&#8221; filter_hue=&#8221;0&#8243; filter_saturation=&#8221;100&#8243; filter_brightness=&#8221;100&#8243; filter_contrast=&#8221;100&#8243; filter_invert=&#8221;0&#8243; filter_sepia=&#8221;0&#8243; filter_opacity=&#8221;100&#8243; filter_blur=&#8221;0&#8243; filter_hue_hover=&#8221;0&#8243; [&hellip;]<\/p>\n","protected":false},"author":2,"featured_media":0,"parent":0,"menu_order":0,"comment_status":"closed","ping_status":"closed","template":"","meta":{"_bbp_topic_count":0,"_bbp_reply_count":0,"_bbp_total_topic_count":0,"_bbp_total_reply_count":0,"_bbp_voice_count":0,"_bbp_anonymous_reply_count":0,"_bbp_topic_count_hidden":0,"_bbp_reply_count_hidden":0,"_bbp_forum_subforum_count":0,"_joinchat":[],"footnotes":""},"class_list":["post-7147","page","type-page","status-publish"],"yoast_head":"<!-- This site is optimized with the Yoast SEO Premium plugin v19.2.1 (Yoast SEO v27.1.1) - https:\/\/yoast.com\/product\/yoast-seo-premium-wordpress\/ -->\n<title>\u0130stanbul projeleri - Tamturkey<\/title>\n<meta name=\"description\" content=\"\u0130stanbul projeleri |\u0130stanbul&#039;da ge\u00e7erli projeler istanbul in\u015faat projesi Emaar istanbul projesi \u0130stanbul&#039;da Asya projeleri Avrupa projesi.\" \/>\n<meta name=\"robots\" content=\"index, follow, max-snippet:-1, max-image-preview:large, max-video-preview:-1\" \/>\n<link rel=\"canonical\" href=\"https:\/\/tamestate.com\/tr\/istanbul-projeleri\/\" \/>\n<meta name=\"twitter:card\" content=\"summary_large_image\" \/>\n<meta name=\"twitter:title\" content=\"\u0130stanbul projeleri - Tamturkey\" \/>\n<meta name=\"twitter:description\" content=\"\u0130stanbul projeleri |\u0130stanbul&#039;da ge\u00e7erli projeler istanbul in\u015faat projesi Emaar istanbul projesi \u0130stanbul&#039;da Asya projeleri Avrupa projesi.\" \/>\n<script type=\"application\/ld+json\" class=\"yoast-schema-graph\">{\"@context\":\"https:\/\/schema.org\",\"@graph\":[{\"@type\":\"WebPage\",\"@id\":\"https:\/\/tamestate.com\/tr\/istanbul-projeleri\/\",\"url\":\"https:\/\/tamestate.com\/tr\/istanbul-projeleri\/\",\"name\":\"\u0130stanbul projeleri - Tamturkey\",\"isPartOf\":{\"@id\":\"https:\/\/tamestate.com\/#website\"},\"datePublished\":\"2020-01-11T19:49:08+00:00\",\"dateModified\":\"2022-09-07T10:01:48+00:00\",\"description\":\"\u0130stanbul projeleri |\u0130stanbul'da ge\u00e7erli projeler istanbul in\u015faat projesi Emaar istanbul projesi \u0130stanbul'da Asya projeleri Avrupa projesi.\",\"breadcrumb\":{\"@id\":\"https:\/\/tamestate.com\/tr\/istanbul-projeleri\/#breadcrumb\"},\"inLanguage\":\"tr\",\"potentialAction\":[{\"@type\":\"ReadAction\",\"target\":[\"https:\/\/tamestate.com\/tr\/istanbul-projeleri\/\"]}]},{\"@type\":\"BreadcrumbList\",\"@id\":\"https:\/\/tamestate.com\/tr\/istanbul-projeleri\/#breadcrumb\",\"itemListElement\":[{\"@type\":\"ListItem\",\"position\":1,\"name\":\"\u062e\u0627\u0646\u0647\",\"item\":\"https:\/\/tamestate.com\/tr\/\"},{\"@type\":\"ListItem\",\"position\":2,\"name\":\"\u0130stanbul projeleri\"}]},{\"@type\":\"WebSite\",\"@id\":\"https:\/\/tamestate.com\/#website\",\"url\":\"https:\/\/tamestate.com\/\",\"name\":\"Tamturkey\",\"description\":\"\u062a\u0627\u0645 \u062a\u0631\u06a9\u06cc | \u062e\u0631\u06cc\u062f \u062e\u0627\u0646\u0647 \u062f\u0631 \u062a\u0631\u06a9\u06cc\u0647 | \u0627\u062e\u0630 \u0634\u0647\u0631\u0648\u0646\u062f\u06cc \u062a\u0631\u06a9\u06cc\u0647 | \u062e\u0631\u06cc\u062f \u062e\u0627\u0646\u0647 \u062f\u0631 \u0627\u0633\u062a\u0627\u0646\u0628\u0648\u0644 | \u0627\u0642\u0627\u0645\u062a \u062a\u0631\u06a9\u06cc\u0647\",\"publisher\":{\"@id\":\"https:\/\/tamestate.com\/#organization\"},\"potentialAction\":[{\"@type\":\"SearchAction\",\"target\":{\"@type\":\"EntryPoint\",\"urlTemplate\":\"https:\/\/tamestate.com\/?s={search_term_string}\"},\"query-input\":{\"@type\":\"PropertyValueSpecification\",\"valueRequired\":true,\"valueName\":\"search_term_string\"}}],\"inLanguage\":\"tr\"},{\"@type\":[\"Organization\",\"Place\",\"RealEstateAgent\"],\"@id\":\"https:\/\/tamestate.com\/#organization\",\"name\":\"\u0645\u0631\u062c\u0639 \u0627\u0637\u0644\u0627\u0639\u0627\u062a \u062a\u062e\u0635\u0635\u06cc \u0648 \u0627\u062e\u0628\u0627\u0631 \u0631\u0648\u0632 \u062a\u0631\u06a9\u06cc\u0647\",\"url\":\"https:\/\/tamestate.com\/\",\"logo\":{\"@id\":\"https:\/\/tamestate.com\/tr\/istanbul-projeleri\/#local-main-organization-logo\"},\"image\":{\"@id\":\"https:\/\/tamestate.com\/tr\/istanbul-projeleri\/#local-main-organization-logo\"},\"sameAs\":[\"https:\/\/www.instagram.com\/tamturkey\",\"https:\/\/www.youtube.com\/channel\/UC8nMeXuy4N3s75zGrIxPLBA\"],\"address\":{\"@id\":\"https:\/\/tamestate.com\/tr\/istanbul-projeleri\/#local-main-place-address\"},\"telephone\":[\"0552288939\"],\"openingHoursSpecification\":[{\"@type\":\"OpeningHoursSpecification\",\"dayOfWeek\":[\"Monday\",\"Tuesday\",\"Wednesday\",\"Thursday\",\"Friday\",\"Saturday\",\"Sunday\"],\"opens\":\"09:00\",\"closes\":\"17:00\"}]},{\"@type\":\"PostalAddress\",\"@id\":\"https:\/\/tamestate.com\/tr\/istanbul-projeleri\/#local-main-place-address\",\"streetAddress\":\"\u0645\u062c\u062a\u0645\u0639 \u0627\u0639\u0645\u0627\u0631 \u0627\u0633\u062a\u0627\u0646\u0628\u0648\u0644 EMAAR SQUARE ISTANBUL\",\"addressLocality\":\"ISTANBUL\",\"postalCode\":\"34005\",\"addressCountry\":\"TR\"},{\"@type\":\"ImageObject\",\"inLanguage\":\"tr\",\"@id\":\"https:\/\/tamestate.com\/tr\/istanbul-projeleri\/#local-main-organization-logo\",\"url\":\"https:\/\/tamestate.com\/wp-content\/uploads\/2020\/01\/turkey-country-tamturkey-300.png\",\"contentUrl\":\"https:\/\/tamestate.com\/wp-content\/uploads\/2020\/01\/turkey-country-tamturkey-300.png\",\"width\":300,\"height\":83,\"caption\":\"\u0645\u0631\u062c\u0639 \u0627\u0637\u0644\u0627\u0639\u0627\u062a \u062a\u062e\u0635\u0635\u06cc \u0648 \u0627\u062e\u0628\u0627\u0631 \u0631\u0648\u0632 \u062a\u0631\u06a9\u06cc\u0647\"}]}<\/script>\n<meta name=\"geo.placename\" content=\"ISTANBUL\" \/>\n<meta name=\"geo.region\" content=\"Turkey\" \/>\n<!-- \/ Yoast SEO Premium plugin. -->","yoast_head_json":{"title":"\u0130stanbul projeleri - Tamturkey","description":"\u0130stanbul projeleri |\u0130stanbul'da ge\u00e7erli projeler istanbul in\u015faat projesi Emaar istanbul projesi \u0130stanbul'da Asya projeleri Avrupa projesi.","robots":{"index":"index","follow":"follow","max-snippet":"max-snippet:-1","max-image-preview":"max-image-preview:large","max-video-preview":"max-video-preview:-1"},"canonical":"https:\/\/tamestate.com\/tr\/istanbul-projeleri\/","twitter_card":"summary_large_image","twitter_title":"\u0130stanbul projeleri - Tamturkey","twitter_description":"\u0130stanbul projeleri |\u0130stanbul'da ge\u00e7erli projeler istanbul in\u015faat projesi Emaar istanbul projesi \u0130stanbul'da Asya projeleri Avrupa projesi.","schema":{"@context":"https:\/\/schema.org","@graph":[{"@type":"WebPage","@id":"https:\/\/tamestate.com\/tr\/istanbul-projeleri\/","url":"https:\/\/tamestate.com\/tr\/istanbul-projeleri\/","name":"\u0130stanbul projeleri - Tamturkey","isPartOf":{"@id":"https:\/\/tamestate.com\/#website"},"datePublished":"2020-01-11T19:49:08+00:00","dateModified":"2022-09-07T10:01:48+00:00","description":"\u0130stanbul projeleri |\u0130stanbul'da ge\u00e7erli projeler istanbul in\u015faat projesi Emaar istanbul projesi \u0130stanbul'da Asya projeleri Avrupa projesi.","breadcrumb":{"@id":"https:\/\/tamestate.com\/tr\/istanbul-projeleri\/#breadcrumb"},"inLanguage":"tr","potentialAction":[{"@type":"ReadAction","target":["https:\/\/tamestate.com\/tr\/istanbul-projeleri\/"]}]},{"@type":"BreadcrumbList","@id":"https:\/\/tamestate.com\/tr\/istanbul-projeleri\/#breadcrumb","itemListElement":[{"@type":"ListItem","position":1,"name":"\u062e\u0627\u0646\u0647","item":"https:\/\/tamestate.com\/tr\/"},{"@type":"ListItem","position":2,"name":"\u0130stanbul projeleri"}]},{"@type":"WebSite","@id":"https:\/\/tamestate.com\/#website","url":"https:\/\/tamestate.com\/","name":"Tamturkey","description":"\u062a\u0627\u0645 \u062a\u0631\u06a9\u06cc | \u062e\u0631\u06cc\u062f \u062e\u0627\u0646\u0647 \u062f\u0631 \u062a\u0631\u06a9\u06cc\u0647 | \u0627\u062e\u0630 \u0634\u0647\u0631\u0648\u0646\u062f\u06cc \u062a\u0631\u06a9\u06cc\u0647 | \u062e\u0631\u06cc\u062f \u062e\u0627\u0646\u0647 \u062f\u0631 \u0627\u0633\u062a\u0627\u0646\u0628\u0648\u0644 | \u0627\u0642\u0627\u0645\u062a \u062a\u0631\u06a9\u06cc\u0647","publisher":{"@id":"https:\/\/tamestate.com\/#organization"},"potentialAction":[{"@type":"SearchAction","target":{"@type":"EntryPoint","urlTemplate":"https:\/\/tamestate.com\/?s={search_term_string}"},"query-input":{"@type":"PropertyValueSpecification","valueRequired":true,"valueName":"search_term_string"}}],"inLanguage":"tr"},{"@type":["Organization","Place","RealEstateAgent"],"@id":"https:\/\/tamestate.com\/#organization","name":"\u0645\u0631\u062c\u0639 \u0627\u0637\u0644\u0627\u0639\u0627\u062a \u062a\u062e\u0635\u0635\u06cc \u0648 \u0627\u062e\u0628\u0627\u0631 \u0631\u0648\u0632 \u062a\u0631\u06a9\u06cc\u0647","url":"https:\/\/tamestate.com\/","logo":{"@id":"https:\/\/tamestate.com\/tr\/istanbul-projeleri\/#local-main-organization-logo"},"image":{"@id":"https:\/\/tamestate.com\/tr\/istanbul-projeleri\/#local-main-organization-logo"},"sameAs":["https:\/\/www.instagram.com\/tamturkey","https:\/\/www.youtube.com\/channel\/UC8nMeXuy4N3s75zGrIxPLBA"],"address":{"@id":"https:\/\/tamestate.com\/tr\/istanbul-projeleri\/#local-main-place-address"},"telephone":["0552288939","0552288939"],"openingHoursSpecification":[{"@type":"OpeningHoursSpecification","dayOfWeek":["Monday","Tuesday","Wednesday","Thursday","Friday","Saturday","Sunday"],"opens":"09:00","closes":"17:00"}]},{"@type":"PostalAddress","@id":"https:\/\/tamestate.com\/tr\/istanbul-projeleri\/#local-main-place-address","streetAddress":"\u0645\u062c\u062a\u0645\u0639 \u0627\u0639\u0645\u0627\u0631 \u0627\u0633\u062a\u0627\u0646\u0628\u0648\u0644 EMAAR SQUARE ISTANBUL","addressLocality":"ISTANBUL","postalCode":"34005","addressCountry":"TR"},{"@type":"ImageObject","inLanguage":"tr","@id":"https:\/\/tamestate.com\/tr\/istanbul-projeleri\/#local-main-organization-logo","url":"https:\/\/tamestate.com\/wp-content\/uploads\/2020\/01\/turkey-country-tamturkey-300.png","contentUrl":"https:\/\/tamestate.com\/wp-content\/uploads\/2020\/01\/turkey-country-tamturkey-300.png","width":300,"height":83,"caption":"\u0645\u0631\u062c\u0639 \u0627\u0637\u0644\u0627\u0639\u0627\u062a \u062a\u062e\u0635\u0635\u06cc \u0648 \u0627\u062e\u0628\u0627\u0631 \u0631\u0648\u0632 \u062a\u0631\u06a9\u06cc\u0647"}]},"geo.placename":"ISTANBUL","geo.region":"Turkey"},"_links":{"self":[{"href":"https:\/\/tamestate.com\/tr\/wp-json\/wp\/v2\/pages\/7147","targetHints":{"allow":["GET"]}}],"collection":[{"href":"https:\/\/tamestate.com\/tr\/wp-json\/wp\/v2\/pages"}],"about":[{"href":"https:\/\/tamestate.com\/tr\/wp-json\/wp\/v2\/types\/page"}],"author":[{"embeddable":true,"href":"https:\/\/tamestate.com\/tr\/wp-json\/wp\/v2\/users\/2"}],"replies":[{"embeddable":true,"href":"https:\/\/tamestate.com\/tr\/wp-json\/wp\/v2\/comments?post=7147"}],"version-history":[{"count":1,"href":"https:\/\/tamestate.com\/tr\/wp-json\/wp\/v2\/pages\/7147\/revisions"}],"predecessor-version":[{"id":19226,"href":"https:\/\/tamestate.com\/tr\/wp-json\/wp\/v2\/pages\/7147\/revisions\/19226"}],"wp:attachment":[{"href":"https:\/\/tamestate.com\/tr\/wp-json\/wp\/v2\/media?parent=7147"}],"curies":[{"name":"wp","href":"https:\/\/api.w.org\/{rel}","templated":true}]}}