{"id":7152,"date":"2024-12-14T11:36:01","date_gmt":"2024-12-14T08:36:01","guid":{"rendered":"https:\/\/tamturkey.com\/contact-us\/"},"modified":"2024-11-15T14:35:20","modified_gmt":"2024-11-15T11:35:20","slug":"contact-us","status":"publish","type":"page","link":"https:\/\/tamestate.com\/tr\/contact-us\/","title":{"rendered":"Bize Ula\u015f\u0131n"},"content":{"rendered":"<p>[vc_row][vc_column][vc_column_text]<\/p>\n<p style=\"text-align: center;\"><span style=\"font-size: 12pt;\"><strong>Rehberlik i\u00e7in sizinle ileti\u015fime ge\u00e7ece\u011fiz<\/strong><\/span><\/p>\n<p>[\/vc_column_text][vc_column_text]<\/p>\n<p dir=\"ltr\"><span style=\"color: #ff0000;\"><strong>Tamt\u00fcrkey Grup Hizmetleri<\/strong><\/span><\/p>\n<p dir=\"ltr\"><strong>T\u00fcrkiye&#8217;de emlak al\u0131m sat\u0131m\u0131<\/strong><\/p>\n<p dir=\"ltr\"><strong>T\u00fcrkiye&#8217;deki prestijli projelerin temsilcisi<\/strong><\/p>\n<p dir=\"ltr\"><strong>L\u00fcks dairelerin pe\u015fin ve taksitli sat\u0131\u015f\u0131<\/strong><\/p>\n<p dir=\"ltr\"><strong>Gayrimenkul sat\u0131n alma ve yat\u0131r\u0131m yoluyla T\u00fcrk vatanda\u015fl\u0131\u011f\u0131n\u0131n kazan\u0131lmas\u0131<\/strong><\/p>\n<p dir=\"ltr\"><strong>T\u00fcrkiye&#8217;de \u015firket tescili * en k\u0131sa s\u00fcrede uygun fiyat *<\/strong><\/p>\n<p dir=\"ltr\"><strong>\u015eirket ve \u015fah\u0131slar i\u00e7in ikamete ihtiya\u00e7 duymadan banka hesab\u0131 a\u00e7ma<\/strong><\/p>\n<p dir=\"ltr\"><strong>\u0130kamet t\u00fcrlerinin al\u0131nmas\u0131 ve ikamet s\u00fcresinin uzat\u0131lmas\u0131 Her t\u00fcrl\u00fc sigortay\u0131 yapt\u0131rmak<\/strong><\/p>\n<p dir=\"ltr\"><strong>\u0130stanbul&#8217;da ev kiralamak<\/strong><\/p>\n<p dir=\"ltr\"><strong>T\u00fcrk ehliyeti almak<\/strong><\/p>\n<p dir=\"ltr\" style=\"text-align: center;\"><span style=\"color: #ff0000;\"><strong>WhatsApp arac\u0131l\u0131\u011f\u0131yla dan\u0131\u015fmanlarla ileti\u015fime ge\u00e7in<\/strong><\/span><\/p>\n<p dir=\"ltr\" style=\"text-align: center;\"><a href=\"https:\/\/wa.me\/905522888939\" target=\"_blank\" rel=\"noopener\"><strong>WhatsApp : https:\/\/wa.me\/905522888939<\/strong><\/a><\/p>\n<p dir=\"ltr\" style=\"text-align: center;\"><strong><span style=\"font-size: 12pt;\">\u00a0<\/span><\/strong><\/p>\n<p>[\/vc_column_text][\/vc_column][\/vc_row][vc_row css=&#8221;.vc_custom_1661443077669{background-image: url(https:\/\/tamturkey.com\/wp-content\/uploads\/2022\/08\/Trendyol-emlak-tamturkey.jpg?id=18936) !important;}&#8221;][vc_column width=&#8221;1\/4&#8243;][vc_icon type=&#8221;typicons&#8221; icon_typicons=&#8221;typcn typcn-location-outline&#8221; size=&#8221;xl&#8221;][\/vc_column][vc_column width=&#8221;3\/4&#8243;][vc_column_text]<\/p>\n<p dir=\"ltr\" style=\"text-align: center;\"><span style=\"color: #ff00ff;\"><strong>\u00dcnalan Libadiye Caddesi<\/strong><\/span><br \/>\n<span style=\"color: #ff00ff;\"><strong>No:82 E Block &#8211; FLOOR 16 &#8211; No:1606, \u00dcsk\u00fcdar\/\u0130stanbul<\/strong><\/span><\/p>\n<p>[\/vc_column_text][\/vc_column][\/vc_row][vc_row][vc_column width=&#8221;1\/12&#8243;][\/vc_column][vc_column width=&#8221;5\/6&#8243;][vc_column_text]<\/p>\n<p style=\"text-align: center;\"><strong><span style=\"font-size: 12pt; color: #ff0000;\">L\u00fctfen formu doldurun ve mesaj\u0131n\u0131z\u0131 g\u00f6nderin<\/span><\/strong><\/p>\n<p style=\"text-align: center;\"><strong><span style=\"font-size: 12pt; color: #ff0000;\">Dan\u0131\u015fmanlar en k\u0131sa s\u00fcrede sizinle ileti\u015fime ge\u00e7ecektir<\/span><\/strong><\/p>\n<p>[\/vc_column_text][vc_column_text]<div class=\"frm_forms  with_frm_style frm_style_england\" id=\"frm_form_2_container\" >\n<form enctype=\"multipart\/form-data\" method=\"post\" class=\"frm-show-form  frm_js_validate  frm_ajax_submit  frm_pro_form  frm_ajax_submit \" id=\"form_contact-form2\" >\n<div class=\"frm_form_fields \">\n<fieldset>\n<legend class=\"frm_screen_reader\">Please send your request<\/legend>\r\n<h3 class=\"frm_form_title\">Please send your request<\/h3>\r\n<div class=\"frm_fields_container\">\n<input type=\"hidden\" name=\"frm_action\" value=\"create\" \/>\n<input type=\"hidden\" name=\"form_id\" value=\"2\" \/>\n<input type=\"hidden\" name=\"frm_hide_fields_2\" id=\"frm_hide_fields_2\" value=\"\" \/>\n<input type=\"hidden\" name=\"form_key\" value=\"contact-form2\" \/>\n<input type=\"hidden\" name=\"item_meta[0]\" value=\"\" \/>\n<input type=\"hidden\" id=\"frm_submit_entry_2\" name=\"frm_submit_entry_2\" value=\"fd03980ec4\" \/><input type=\"hidden\" name=\"_wp_http_referer\" value=\"\/tr\/wp-json\/wp\/v2\/pages\/7152\" \/><div id=\"frm_field_8_container\" class=\"frm_form_field form-field  frm_required_field frm_top_container frm6 frm_first\">\r\n    <label for=\"field_qh4icy2\" id=\"field_qh4icy2_label\" class=\"frm_primary_label\">Your Name\r\n        <span class=\"frm_required\" aria-hidden=\"true\">*<\/span>\r\n    <\/label>\r\n    <input type=\"text\" id=\"field_qh4icy2\" name=\"item_meta[8]\" value=\"\"  data-reqmsg=\"Your Name cannot be blank.\" aria-required=\"true\" data-invmsg=\"Name is invalid\" aria-invalid=\"false\"  \/>\r\n    \r\n    \r\n<\/div>\n<div id=\"frm_field_19_container\" class=\"frm_form_field form-field  frm_required_field frm_top_container frm6\">\r\n    <label for=\"field_u90d6\" id=\"field_u90d6_label\" class=\"frm_primary_label\">Country Code\r\n        <span class=\"frm_required\" aria-hidden=\"true\">*<\/span>\r\n    <\/label>\r\n    <input type=\"text\" id=\"field_u90d6\" name=\"item_meta[19]\" value=\"\"  data-reqmsg=\"Country Code cannot be blank.\" aria-required=\"true\" data-invmsg=\"Name is invalid\" aria-invalid=\"false\"  \/>\r\n    \r\n    \r\n<\/div>\n<div id=\"frm_field_9_container\" class=\"frm_form_field form-field  frm_required_field frm_top_container frm12 frm_first\">\r\n    <label for=\"field_x9azd2\" id=\"field_x9azd2_label\" class=\"frm_primary_label\">Whatsapp Number\r\n        <span class=\"frm_required\" aria-hidden=\"true\">*<\/span>\r\n    <\/label>\r\n    <input type=\"tel\" id=\"field_x9azd2\" name=\"item_meta[9]\" value=\"\"  data-reqmsg=\"Whatsapp Number cannot be blank.\" aria-required=\"true\" data-invmsg=\"Phone is invalid\" aria-invalid=\"false\" pattern=\"((\\+\\d{1,3}(-|.| )?\\(?\\d\\)?(-| |.)?\\d{1,5})|(\\(?\\d{2,6}\\)?))(-|.| )?(\\d{3,4})(-|.| )?(\\d{4})(( x| ext)\\d{1,5}){0,1}$\"  \/>\r\n    \r\n    \r\n<\/div>\n<div id=\"frm_field_25_container\" class=\"frm_form_field form-field  frm_required_field frm_top_container frm12 frm_first\">\r\n    <label for=\"field_kldam\" id=\"field_kldam_label\" class=\"frm_primary_label\">Email\r\n        <span class=\"frm_required\" aria-hidden=\"true\">*<\/span>\r\n    <\/label>\r\n    <input type=\"email\" id=\"field_kldam\" name=\"item_meta[25]\" value=\"\"  data-reqmsg=\"Email cannot be blank.\" aria-required=\"true\" data-invmsg=\"Email is invalid\" aria-invalid=\"false\"  \/>\r\n    \r\n    \r\n<\/div>\n<div id=\"frm_field_10_container\" class=\"frm_form_field form-field  frm_required_field frm_top_container frm12\">\r\n    <label for=\"field_wze0i2\" id=\"field_wze0i2_label\" class=\"frm_primary_label\">Consulting field\r\n        <span class=\"frm_required\" aria-hidden=\"true\">*<\/span>\r\n    <\/label>\r\n    \t\t<select name=\"item_meta[10]\" id=\"field_wze0i2\"  data-reqmsg=\"Consulting field cannot be blank.\" aria-required=\"true\" data-invmsg=\"Consulting field is invalid\" aria-invalid=\"false\"  >\n\t\t<option  value=\"Buying Property in Turkiye\">Buying Property in Turkiye<\/option><option  value=\"Obtaining Turkish Citizenship\">Obtaining Turkish Citizenship<\/option><option  value=\"Company Registration in Turkey\">Company Registration in Turkey<\/option><option  value=\"Opening a Bank Account in Turkey\">Opening a Bank Account in Turkey<\/option><option  value=\"Renting a House or Office in Istanbul\">Renting a House or Office in Istanbul<\/option>\t<\/select>\n\t\r\n    \r\n    \r\n<\/div>\n<div id=\"frm_field_11_container\" class=\"frm_form_field form-field  frm_top_container frm12\">\r\n    <label for=\"field_9jv0r12\" id=\"field_9jv0r12_label\" class=\"frm_primary_label\">Description\r\n        <span class=\"frm_required\" aria-hidden=\"true\"><\/span>\r\n    <\/label>\r\n    <textarea name=\"item_meta[11]\" id=\"field_9jv0r12\" rows=\"5\"  data-invmsg=\"Description is invalid\" aria-invalid=\"false\"  ><\/textarea>\r\n    \r\n    \r\n<\/div>\n<div id=\"frm_field_27_container\" class=\"frm_form_field form-field \">\n\t<div class=\"frm_submit\">\r\n\r\n<button class=\"frm_button_submit frm_final_submit\" type=\"submit\"  >submit<\/button>\r\n\r\n<\/div>\n<\/div>\n\t<input type=\"hidden\" name=\"item_key\" value=\"\" \/>\n\t\t\t<div id=\"frm_field_29_container\">\n\t\t\t<label for=\"field_t1klg\" >\n\t\t\t\tIf you are human, leave this field blank.\t\t\t<\/label>\n\t\t\t<input  id=\"field_t1klg\" type=\"text\" class=\"frm_form_field form-field frm_verify\" name=\"item_meta[29]\" value=\"\"  \/>\n\t\t<\/div>\n\t\t<input name=\"frm_state\" type=\"hidden\" value=\"GfmmxytRhVNyP7oHCRpHw6+TGKRSATCgznmJp8l0ON4=\" \/><\/div>\n<\/fieldset>\n<\/div>\n\n<\/form>\n<\/div>\n[\/vc_column_text][\/vc_column][vc_column width=&#8221;1\/12&#8243;][\/vc_column][\/vc_row][vc_row][vc_column][vc_raw_html]JTNDaWZyYW1lJTIwc3JjJTNEJTIyaHR0cHMlM0ElMkYlMkZ3d3cuZ29vZ2xlLmNvbSUyRm1hcHMlMkZlbWJlZCUzRnBiJTNEJTIxMW0xNCUyMTFtOCUyMTFtMyUyMTFkMTIwNDQuMTMzOTkyNzA5MTk4JTIxMmQyOS4wNzA3ODgxJTIxM2Q0MS4wMDI2NCUyMTNtMiUyMTFpMTAyNCUyMTJpNzY4JTIxNGYxMy4xJTIxM20zJTIxMW0yJTIxMXMweDAlMjUzQTB4MWE1OGUxMDU4ZDhmMzg4MyUyMTJzVGFtdHVya2V5JTI1MjBSZWFsJTI1MjBFc3RhdGUlMjUyMEFnZW5jeSUyMTVlMCUyMTNtMiUyMTFzZW4lMjEyc3RyJTIxNHYxNjU4NDk5MDAwNTY2JTIxNW0yJTIxMXNlbiUyMTJzdHIlMjIlMjB3aWR0aCUzRCUyMjYwMCUyMiUyMGhlaWdodCUzRCUyMjQ1MCUyMiUyMHN0eWxlJTNEJTIyYm9yZGVyJTNBMCUzQiUyMiUyMGFsbG93ZnVsbHNjcmVlbiUzRCUyMiUyMiUyMGxvYWRpbmclM0QlMjJsYXp5JTIyJTIwcmVmZXJyZXJwb2xpY3klM0QlMjJuby1yZWZlcnJlci13aGVuLWRvd25ncmFkZSUyMiUzRSUzQyUyRmlmcmFtZSUzRQ==[\/vc_raw_html][\/vc_column][\/vc_row]<\/p>\n","protected":false},"excerpt":{"rendered":"<p>[vc_row][vc_column][vc_column_text] Rehberlik i\u00e7in sizinle ileti\u015fime ge\u00e7ece\u011fiz [\/vc_column_text][vc_column_text] Tamt\u00fcrkey Grup Hizmetleri T\u00fcrkiye&#8217;de emlak al\u0131m sat\u0131m\u0131 T\u00fcrkiye&#8217;deki prestijli projelerin temsilcisi L\u00fcks dairelerin pe\u015fin ve taksitli sat\u0131\u015f\u0131 Gayrimenkul sat\u0131n alma ve yat\u0131r\u0131m yoluyla T\u00fcrk vatanda\u015fl\u0131\u011f\u0131n\u0131n kazan\u0131lmas\u0131 T\u00fcrkiye&#8217;de \u015firket tescili * en k\u0131sa s\u00fcrede uygun fiyat * \u015eirket ve \u015fah\u0131slar i\u00e7in ikamete ihtiya\u00e7 duymadan banka hesab\u0131 a\u00e7ma \u0130kamet t\u00fcrlerinin [&hellip;]<\/p>\n","protected":false},"author":1,"featured_media":7153,"parent":0,"menu_order":0,"comment_status":"open","ping_status":"closed","template":"","meta":{"_bbp_topic_count":0,"_bbp_reply_count":0,"_bbp_total_topic_count":0,"_bbp_total_reply_count":0,"_bbp_voice_count":0,"_bbp_anonymous_reply_count":0,"_bbp_topic_count_hidden":0,"_bbp_reply_count_hidden":0,"_bbp_forum_subforum_count":0,"_joinchat":[],"footnotes":""},"class_list":["post-7152","page","type-page","status-publish","has-post-thumbnail"],"yoast_head":"<!-- This site is optimized with the Yoast SEO Premium plugin v19.2.1 (Yoast SEO v27.1.1) - https:\/\/yoast.com\/product\/yoast-seo-premium-wordpress\/ -->\n<title>Bize Ula\u015f\u0131n | Tamt\u00fcrkey Dan\u0131\u015fmanlar\u0131yla \u0130leti\u015fime Ge\u00e7in | tamturkey<\/title>\n<meta name=\"description\" content=\"Tamt\u00fcrkey Dan\u0131\u015fmanlar\u0131yla \u0130leti\u015fime Ge\u00e7in | T\u00fcrkiye&#039;de emlak al\u0131m sat\u0131m\u0131 | t\u00fcrk vatanda\u015fl\u0131\u011f\u0131 almak | T\u00fcrkiye&#039;de \u015firket kayd\u0131.\" \/>\n<meta name=\"robots\" content=\"index, follow, max-snippet:-1, max-image-preview:large, max-video-preview:-1\" \/>\n<link rel=\"canonical\" href=\"https:\/\/tamestate.com\/tr\/contact-us\/\" \/>\n<meta name=\"twitter:card\" content=\"summary_large_image\" \/>\n<meta name=\"twitter:title\" content=\"Bize Ula\u015f\u0131n | Tamt\u00fcrkey Dan\u0131\u015fmanlar\u0131yla \u0130leti\u015fime Ge\u00e7in | tamturkey\" \/>\n<meta name=\"twitter:description\" content=\"Tamt\u00fcrkey Dan\u0131\u015fmanlar\u0131yla \u0130leti\u015fime Ge\u00e7in | T\u00fcrkiye&#039;de emlak al\u0131m sat\u0131m\u0131 | t\u00fcrk vatanda\u015fl\u0131\u011f\u0131 almak | T\u00fcrkiye&#039;de \u015firket kayd\u0131.\" \/>\n<meta name=\"twitter:image\" content=\"https:\/\/tamestate.com\/wp-content\/uploads\/2020\/01\/turkey-country8-e1591996721591.jpg\" \/>\n<script type=\"application\/ld+json\" class=\"yoast-schema-graph\">{\"@context\":\"https:\/\/schema.org\",\"@graph\":[{\"@type\":\"WebPage\",\"@id\":\"https:\/\/tamestate.com\/tr\/contact-us\/\",\"url\":\"https:\/\/tamestate.com\/tr\/contact-us\/\",\"name\":\"Bize Ula\u015f\u0131n | Tamt\u00fcrkey Dan\u0131\u015fmanlar\u0131yla \u0130leti\u015fime Ge\u00e7in | tamturkey\",\"isPartOf\":{\"@id\":\"https:\/\/tamestate.com\/#website\"},\"primaryImageOfPage\":{\"@id\":\"https:\/\/tamestate.com\/tr\/contact-us\/#primaryimage\"},\"image\":{\"@id\":\"https:\/\/tamestate.com\/tr\/contact-us\/#primaryimage\"},\"thumbnailUrl\":\"https:\/\/tamestate.com\/wp-content\/uploads\/2020\/01\/turkey-country8-e1591996721591.jpg\",\"datePublished\":\"2024-12-14T08:36:01+00:00\",\"description\":\"Tamt\u00fcrkey Dan\u0131\u015fmanlar\u0131yla \u0130leti\u015fime Ge\u00e7in | T\u00fcrkiye'de emlak al\u0131m sat\u0131m\u0131 | t\u00fcrk vatanda\u015fl\u0131\u011f\u0131 almak | T\u00fcrkiye'de \u015firket kayd\u0131.\",\"breadcrumb\":{\"@id\":\"https:\/\/tamestate.com\/tr\/contact-us\/#breadcrumb\"},\"inLanguage\":\"tr\",\"potentialAction\":[{\"@type\":\"ReadAction\",\"target\":[\"https:\/\/tamestate.com\/tr\/contact-us\/\"]}]},{\"@type\":\"ImageObject\",\"inLanguage\":\"tr\",\"@id\":\"https:\/\/tamestate.com\/tr\/contact-us\/#primaryimage\",\"url\":\"https:\/\/tamestate.com\/wp-content\/uploads\/2020\/01\/turkey-country8-e1591996721591.jpg\",\"contentUrl\":\"https:\/\/tamestate.com\/wp-content\/uploads\/2020\/01\/turkey-country8-e1591996721591.jpg\",\"width\":401,\"height\":415},{\"@type\":\"BreadcrumbList\",\"@id\":\"https:\/\/tamestate.com\/tr\/contact-us\/#breadcrumb\",\"itemListElement\":[{\"@type\":\"ListItem\",\"position\":1,\"name\":\"\u062e\u0627\u0646\u0647\",\"item\":\"https:\/\/tamestate.com\/tr\/\"},{\"@type\":\"ListItem\",\"position\":2,\"name\":\"Bize Ula\u015f\u0131n\"}]},{\"@type\":\"WebSite\",\"@id\":\"https:\/\/tamestate.com\/#website\",\"url\":\"https:\/\/tamestate.com\/\",\"name\":\"Tamturkey\",\"description\":\"\u062a\u0627\u0645 \u062a\u0631\u06a9\u06cc | \u062e\u0631\u06cc\u062f \u062e\u0627\u0646\u0647 \u062f\u0631 \u062a\u0631\u06a9\u06cc\u0647 | \u0627\u062e\u0630 \u0634\u0647\u0631\u0648\u0646\u062f\u06cc \u062a\u0631\u06a9\u06cc\u0647 | \u062e\u0631\u06cc\u062f \u062e\u0627\u0646\u0647 \u062f\u0631 \u0627\u0633\u062a\u0627\u0646\u0628\u0648\u0644 | \u0627\u0642\u0627\u0645\u062a \u062a\u0631\u06a9\u06cc\u0647\",\"publisher\":{\"@id\":\"https:\/\/tamestate.com\/#organization\"},\"potentialAction\":[{\"@type\":\"SearchAction\",\"target\":{\"@type\":\"EntryPoint\",\"urlTemplate\":\"https:\/\/tamestate.com\/?s={search_term_string}\"},\"query-input\":{\"@type\":\"PropertyValueSpecification\",\"valueRequired\":true,\"valueName\":\"search_term_string\"}}],\"inLanguage\":\"tr\"},{\"@type\":[\"Organization\",\"Place\",\"RealEstateAgent\"],\"@id\":\"https:\/\/tamestate.com\/#organization\",\"name\":\"\u0645\u0631\u062c\u0639 \u0627\u0637\u0644\u0627\u0639\u0627\u062a \u062a\u062e\u0635\u0635\u06cc \u0648 \u0627\u062e\u0628\u0627\u0631 \u0631\u0648\u0632 \u062a\u0631\u06a9\u06cc\u0647\",\"url\":\"https:\/\/tamestate.com\/\",\"logo\":{\"@id\":\"https:\/\/tamestate.com\/tr\/contact-us\/#local-main-organization-logo\"},\"image\":{\"@id\":\"https:\/\/tamestate.com\/tr\/contact-us\/#local-main-organization-logo\"},\"sameAs\":[\"https:\/\/www.instagram.com\/tamturkey\",\"https:\/\/www.youtube.com\/channel\/UC8nMeXuy4N3s75zGrIxPLBA\"],\"address\":{\"@id\":\"https:\/\/tamestate.com\/tr\/contact-us\/#local-main-place-address\"},\"telephone\":[\"0552288939\"],\"openingHoursSpecification\":[{\"@type\":\"OpeningHoursSpecification\",\"dayOfWeek\":[\"Monday\",\"Tuesday\",\"Wednesday\",\"Thursday\",\"Friday\",\"Saturday\",\"Sunday\"],\"opens\":\"09:00\",\"closes\":\"17:00\"}]},{\"@type\":\"PostalAddress\",\"@id\":\"https:\/\/tamestate.com\/tr\/contact-us\/#local-main-place-address\",\"streetAddress\":\"\u0645\u062c\u062a\u0645\u0639 \u0627\u0639\u0645\u0627\u0631 \u0627\u0633\u062a\u0627\u0646\u0628\u0648\u0644 EMAAR SQUARE ISTANBUL\",\"addressLocality\":\"ISTANBUL\",\"postalCode\":\"34005\",\"addressCountry\":\"TR\"},{\"@type\":\"ImageObject\",\"inLanguage\":\"tr\",\"@id\":\"https:\/\/tamestate.com\/tr\/contact-us\/#local-main-organization-logo\",\"url\":\"https:\/\/tamestate.com\/wp-content\/uploads\/2020\/01\/turkey-country-tamturkey-300.png\",\"contentUrl\":\"https:\/\/tamestate.com\/wp-content\/uploads\/2020\/01\/turkey-country-tamturkey-300.png\",\"width\":300,\"height\":83,\"caption\":\"\u0645\u0631\u062c\u0639 \u0627\u0637\u0644\u0627\u0639\u0627\u062a \u062a\u062e\u0635\u0635\u06cc \u0648 \u0627\u062e\u0628\u0627\u0631 \u0631\u0648\u0632 \u062a\u0631\u06a9\u06cc\u0647\"}]}<\/script>\n<meta name=\"geo.placename\" content=\"ISTANBUL\" \/>\n<meta name=\"geo.region\" content=\"Turkey\" \/>\n<!-- \/ Yoast SEO Premium plugin. -->","yoast_head_json":{"title":"Bize Ula\u015f\u0131n | Tamt\u00fcrkey Dan\u0131\u015fmanlar\u0131yla \u0130leti\u015fime Ge\u00e7in | tamturkey","description":"Tamt\u00fcrkey Dan\u0131\u015fmanlar\u0131yla \u0130leti\u015fime Ge\u00e7in | T\u00fcrkiye'de emlak al\u0131m sat\u0131m\u0131 | t\u00fcrk vatanda\u015fl\u0131\u011f\u0131 almak | T\u00fcrkiye'de \u015firket kayd\u0131.","robots":{"index":"index","follow":"follow","max-snippet":"max-snippet:-1","max-image-preview":"max-image-preview:large","max-video-preview":"max-video-preview:-1"},"canonical":"https:\/\/tamestate.com\/tr\/contact-us\/","twitter_card":"summary_large_image","twitter_title":"Bize Ula\u015f\u0131n | Tamt\u00fcrkey Dan\u0131\u015fmanlar\u0131yla \u0130leti\u015fime Ge\u00e7in | tamturkey","twitter_description":"Tamt\u00fcrkey Dan\u0131\u015fmanlar\u0131yla \u0130leti\u015fime Ge\u00e7in | T\u00fcrkiye'de emlak al\u0131m sat\u0131m\u0131 | t\u00fcrk vatanda\u015fl\u0131\u011f\u0131 almak | T\u00fcrkiye'de \u015firket kayd\u0131.","twitter_image":"https:\/\/tamestate.com\/wp-content\/uploads\/2020\/01\/turkey-country8-e1591996721591.jpg","schema":{"@context":"https:\/\/schema.org","@graph":[{"@type":"WebPage","@id":"https:\/\/tamestate.com\/tr\/contact-us\/","url":"https:\/\/tamestate.com\/tr\/contact-us\/","name":"Bize Ula\u015f\u0131n | Tamt\u00fcrkey Dan\u0131\u015fmanlar\u0131yla \u0130leti\u015fime Ge\u00e7in | tamturkey","isPartOf":{"@id":"https:\/\/tamestate.com\/#website"},"primaryImageOfPage":{"@id":"https:\/\/tamestate.com\/tr\/contact-us\/#primaryimage"},"image":{"@id":"https:\/\/tamestate.com\/tr\/contact-us\/#primaryimage"},"thumbnailUrl":"https:\/\/tamestate.com\/wp-content\/uploads\/2020\/01\/turkey-country8-e1591996721591.jpg","datePublished":"2024-12-14T08:36:01+00:00","description":"Tamt\u00fcrkey Dan\u0131\u015fmanlar\u0131yla \u0130leti\u015fime Ge\u00e7in | T\u00fcrkiye'de emlak al\u0131m sat\u0131m\u0131 | t\u00fcrk vatanda\u015fl\u0131\u011f\u0131 almak | T\u00fcrkiye'de \u015firket kayd\u0131.","breadcrumb":{"@id":"https:\/\/tamestate.com\/tr\/contact-us\/#breadcrumb"},"inLanguage":"tr","potentialAction":[{"@type":"ReadAction","target":["https:\/\/tamestate.com\/tr\/contact-us\/"]}]},{"@type":"ImageObject","inLanguage":"tr","@id":"https:\/\/tamestate.com\/tr\/contact-us\/#primaryimage","url":"https:\/\/tamestate.com\/wp-content\/uploads\/2020\/01\/turkey-country8-e1591996721591.jpg","contentUrl":"https:\/\/tamestate.com\/wp-content\/uploads\/2020\/01\/turkey-country8-e1591996721591.jpg","width":401,"height":415},{"@type":"BreadcrumbList","@id":"https:\/\/tamestate.com\/tr\/contact-us\/#breadcrumb","itemListElement":[{"@type":"ListItem","position":1,"name":"\u062e\u0627\u0646\u0647","item":"https:\/\/tamestate.com\/tr\/"},{"@type":"ListItem","position":2,"name":"Bize Ula\u015f\u0131n"}]},{"@type":"WebSite","@id":"https:\/\/tamestate.com\/#website","url":"https:\/\/tamestate.com\/","name":"Tamturkey","description":"\u062a\u0627\u0645 \u062a\u0631\u06a9\u06cc | \u062e\u0631\u06cc\u062f \u062e\u0627\u0646\u0647 \u062f\u0631 \u062a\u0631\u06a9\u06cc\u0647 | \u0627\u062e\u0630 \u0634\u0647\u0631\u0648\u0646\u062f\u06cc \u062a\u0631\u06a9\u06cc\u0647 | \u062e\u0631\u06cc\u062f \u062e\u0627\u0646\u0647 \u062f\u0631 \u0627\u0633\u062a\u0627\u0646\u0628\u0648\u0644 | \u0627\u0642\u0627\u0645\u062a \u062a\u0631\u06a9\u06cc\u0647","publisher":{"@id":"https:\/\/tamestate.com\/#organization"},"potentialAction":[{"@type":"SearchAction","target":{"@type":"EntryPoint","urlTemplate":"https:\/\/tamestate.com\/?s={search_term_string}"},"query-input":{"@type":"PropertyValueSpecification","valueRequired":true,"valueName":"search_term_string"}}],"inLanguage":"tr"},{"@type":["Organization","Place","RealEstateAgent"],"@id":"https:\/\/tamestate.com\/#organization","name":"\u0645\u0631\u062c\u0639 \u0627\u0637\u0644\u0627\u0639\u0627\u062a \u062a\u062e\u0635\u0635\u06cc \u0648 \u0627\u062e\u0628\u0627\u0631 \u0631\u0648\u0632 \u062a\u0631\u06a9\u06cc\u0647","url":"https:\/\/tamestate.com\/","logo":{"@id":"https:\/\/tamestate.com\/tr\/contact-us\/#local-main-organization-logo"},"image":{"@id":"https:\/\/tamestate.com\/tr\/contact-us\/#local-main-organization-logo"},"sameAs":["https:\/\/www.instagram.com\/tamturkey","https:\/\/www.youtube.com\/channel\/UC8nMeXuy4N3s75zGrIxPLBA"],"address":{"@id":"https:\/\/tamestate.com\/tr\/contact-us\/#local-main-place-address"},"telephone":["0552288939","0552288939"],"openingHoursSpecification":[{"@type":"OpeningHoursSpecification","dayOfWeek":["Monday","Tuesday","Wednesday","Thursday","Friday","Saturday","Sunday"],"opens":"09:00","closes":"17:00"}]},{"@type":"PostalAddress","@id":"https:\/\/tamestate.com\/tr\/contact-us\/#local-main-place-address","streetAddress":"\u0645\u062c\u062a\u0645\u0639 \u0627\u0639\u0645\u0627\u0631 \u0627\u0633\u062a\u0627\u0646\u0628\u0648\u0644 EMAAR SQUARE ISTANBUL","addressLocality":"ISTANBUL","postalCode":"34005","addressCountry":"TR"},{"@type":"ImageObject","inLanguage":"tr","@id":"https:\/\/tamestate.com\/tr\/contact-us\/#local-main-organization-logo","url":"https:\/\/tamestate.com\/wp-content\/uploads\/2020\/01\/turkey-country-tamturkey-300.png","contentUrl":"https:\/\/tamestate.com\/wp-content\/uploads\/2020\/01\/turkey-country-tamturkey-300.png","width":300,"height":83,"caption":"\u0645\u0631\u062c\u0639 \u0627\u0637\u0644\u0627\u0639\u0627\u062a \u062a\u062e\u0635\u0635\u06cc \u0648 \u0627\u062e\u0628\u0627\u0631 \u0631\u0648\u0632 \u062a\u0631\u06a9\u06cc\u0647"}]},"geo.placename":"ISTANBUL","geo.region":"Turkey"},"_links":{"self":[{"href":"https:\/\/tamestate.com\/tr\/wp-json\/wp\/v2\/pages\/7152","targetHints":{"allow":["GET"]}}],"collection":[{"href":"https:\/\/tamestate.com\/tr\/wp-json\/wp\/v2\/pages"}],"about":[{"href":"https:\/\/tamestate.com\/tr\/wp-json\/wp\/v2\/types\/page"}],"author":[{"embeddable":true,"href":"https:\/\/tamestate.com\/tr\/wp-json\/wp\/v2\/users\/1"}],"replies":[{"embeddable":true,"href":"https:\/\/tamestate.com\/tr\/wp-json\/wp\/v2\/comments?post=7152"}],"version-history":[{"count":15,"href":"https:\/\/tamestate.com\/tr\/wp-json\/wp\/v2\/pages\/7152\/revisions"}],"predecessor-version":[{"id":25270,"href":"https:\/\/tamestate.com\/tr\/wp-json\/wp\/v2\/pages\/7152\/revisions\/25270"}],"wp:featuredmedia":[{"embeddable":true,"href":"https:\/\/tamestate.com\/tr\/wp-json\/wp\/v2\/media\/7153"}],"wp:attachment":[{"href":"https:\/\/tamestate.com\/tr\/wp-json\/wp\/v2\/media?parent=7152"}],"curies":[{"name":"wp","href":"https:\/\/api.w.org\/{rel}","templated":true}]}}